{"id":57,"date":"2020-03-25T17:43:06","date_gmt":"2020-03-25T16:43:06","guid":{"rendered":"http:\/\/led-deizisau.de\/?page_id=57"},"modified":"2026-03-28T17:34:53","modified_gmt":"2026-03-28T16:34:53","slug":"led-maerkte","status":"publish","type":"page","link":"https:\/\/led-deizisau.de\/?page_id=57","title":{"rendered":"LED-M\u00e4rkte"},"content":{"rendered":"\n<p>Mehrmals im Jahr veranstaltet die LED besondere M\u00e4rkte. Zum Ostermarkt und dem Herbstmarkt l\u00e4dt die LED auf den Wochenmarkt ein.&nbsp; Auf dem Marktplatz gibt es ein umfangreicheres  Angebot. Der Markt l\u00e4dt  ein zum Bummeln und Einkaufen.<br>Der Ostermarkt findet traditionell am Samstag, eine Woche vor Ostern statt. Und der Herbstmarkt findet Mitte Oktober statt.<br>Die LED-M\u00e4rkte gehen von ca. 9 Uhr bis ca.  13.00 Uhr.  <\/p>\n\n\n\n<p class=\"has-text-align-center has-black-color has-text-color\"><strong>N\u00e4chste Termine sind: <\/strong><br><br>10. Oktober 2026 LED-Herbstmarkt<br>6. Dezember 2026 Weihnachtsmarkt<br>20. M\u00e4rz 2027 LED-Ostermarkt<\/p>\n\n\n\n<p><\/p>\n\n\n\n<p><\/p>\n\n\n\n<figure class=\"wp-block-gallery has-nested-images columns-default is-cropped wp-block-gallery-1 is-layout-flex wp-block-gallery-is-layout-flex\">\n<figure class=\"wp-block-image size-large\"><img loading=\"lazy\" decoding=\"async\" width=\"1024\" height=\"768\" data-id=\"62\" src=\"http:\/\/led-deizisau.de\/wp-content\/uploads\/2020\/03\/DSC08420-1024x768.jpg\" alt=\"\" class=\"wp-image-62\" srcset=\"https:\/\/led-deizisau.de\/wp-content\/uploads\/2020\/03\/DSC08420-1024x768.jpg 1024w, https:\/\/led-deizisau.de\/wp-content\/uploads\/2020\/03\/DSC08420-300x225.jpg 300w, https:\/\/led-deizisau.de\/wp-content\/uploads\/2020\/03\/DSC08420-768x576.jpg 768w, https:\/\/led-deizisau.de\/wp-content\/uploads\/2020\/03\/DSC08420-1536x1152.jpg 1536w, https:\/\/led-deizisau.de\/wp-content\/uploads\/2020\/03\/DSC08420.jpg 2048w\" sizes=\"auto, (max-width: 706px) 89vw, (max-width: 767px) 82vw, 740px\" \/><\/figure>\n\n\n\n<figure class=\"wp-block-image size-large\"><img loading=\"lazy\" decoding=\"async\" width=\"1024\" height=\"682\" data-id=\"58\" src=\"http:\/\/led-deizisau.de\/wp-content\/uploads\/2020\/03\/DSC03414.jpg\" alt=\"\" class=\"wp-image-58\" srcset=\"https:\/\/led-deizisau.de\/wp-content\/uploads\/2020\/03\/DSC03414.jpg 1024w, https:\/\/led-deizisau.de\/wp-content\/uploads\/2020\/03\/DSC03414-300x200.jpg 300w, https:\/\/led-deizisau.de\/wp-content\/uploads\/2020\/03\/DSC03414-768x512.jpg 768w\" sizes=\"auto, (max-width: 706px) 89vw, (max-width: 767px) 82vw, 740px\" \/><\/figure>\n\n\n\n<figure class=\"wp-block-image size-large\"><img loading=\"lazy\" decoding=\"async\" width=\"1024\" height=\"768\" data-id=\"64\" src=\"http:\/\/led-deizisau.de\/wp-content\/uploads\/2020\/03\/DSC05107-1024x768.jpg\" alt=\"\" class=\"wp-image-64\" srcset=\"https:\/\/led-deizisau.de\/wp-content\/uploads\/2020\/03\/DSC05107-1024x768.jpg 1024w, https:\/\/led-deizisau.de\/wp-content\/uploads\/2020\/03\/DSC05107-300x225.jpg 300w, https:\/\/led-deizisau.de\/wp-content\/uploads\/2020\/03\/DSC05107-768x576.jpg 768w, https:\/\/led-deizisau.de\/wp-content\/uploads\/2020\/03\/DSC05107-1536x1152.jpg 1536w, https:\/\/led-deizisau.de\/wp-content\/uploads\/2020\/03\/DSC05107.jpg 2048w\" sizes=\"auto, (max-width: 706px) 89vw, (max-width: 767px) 82vw, 740px\" \/><\/figure>\n\n\n\n<figure class=\"wp-block-image size-large\"><img loading=\"lazy\" decoding=\"async\" width=\"1024\" height=\"768\" data-id=\"65\" src=\"http:\/\/led-deizisau.de\/wp-content\/uploads\/2020\/03\/DSC08083-1024x768.jpg\" alt=\"\" class=\"wp-image-65\" srcset=\"https:\/\/led-deizisau.de\/wp-content\/uploads\/2020\/03\/DSC08083-1024x768.jpg 1024w, https:\/\/led-deizisau.de\/wp-content\/uploads\/2020\/03\/DSC08083-300x225.jpg 300w, https:\/\/led-deizisau.de\/wp-content\/uploads\/2020\/03\/DSC08083-768x576.jpg 768w, https:\/\/led-deizisau.de\/wp-content\/uploads\/2020\/03\/DSC08083-1536x1152.jpg 1536w, https:\/\/led-deizisau.de\/wp-content\/uploads\/2020\/03\/DSC08083.jpg 2048w\" sizes=\"auto, (max-width: 706px) 89vw, (max-width: 767px) 82vw, 740px\" \/><\/figure>\n\n\n\n<figure class=\"wp-block-image size-large\"><img loading=\"lazy\" decoding=\"async\" width=\"1024\" height=\"768\" data-id=\"66\" src=\"http:\/\/led-deizisau.de\/wp-content\/uploads\/2020\/03\/DSC08375-1024x768.jpg\" alt=\"\" class=\"wp-image-66\" srcset=\"https:\/\/led-deizisau.de\/wp-content\/uploads\/2020\/03\/DSC08375-1024x768.jpg 1024w, https:\/\/led-deizisau.de\/wp-content\/uploads\/2020\/03\/DSC08375-300x225.jpg 300w, https:\/\/led-deizisau.de\/wp-content\/uploads\/2020\/03\/DSC08375-768x576.jpg 768w, https:\/\/led-deizisau.de\/wp-content\/uploads\/2020\/03\/DSC08375-1536x1152.jpg 1536w, https:\/\/led-deizisau.de\/wp-content\/uploads\/2020\/03\/DSC08375.jpg 2048w\" sizes=\"auto, (max-width: 706px) 89vw, (max-width: 767px) 82vw, 740px\" \/><\/figure>\n\n\n\n<figure class=\"wp-block-image size-large\"><img loading=\"lazy\" decoding=\"async\" width=\"1024\" height=\"768\" data-id=\"61\" src=\"http:\/\/led-deizisau.de\/wp-content\/uploads\/2020\/03\/DSC08415-1024x768.jpg\" alt=\"\" class=\"wp-image-61\" srcset=\"https:\/\/led-deizisau.de\/wp-content\/uploads\/2020\/03\/DSC08415-1024x768.jpg 1024w, https:\/\/led-deizisau.de\/wp-content\/uploads\/2020\/03\/DSC08415-300x225.jpg 300w, https:\/\/led-deizisau.de\/wp-content\/uploads\/2020\/03\/DSC08415-768x576.jpg 768w, https:\/\/led-deizisau.de\/wp-content\/uploads\/2020\/03\/DSC08415-1536x1152.jpg 1536w, https:\/\/led-deizisau.de\/wp-content\/uploads\/2020\/03\/DSC08415.jpg 2048w\" sizes=\"auto, (max-width: 706px) 89vw, (max-width: 767px) 82vw, 740px\" \/><\/figure>\n<\/figure>\n\n\n\n<p><\/p>\n\n\n\n<p class=\"has-text-align-center\">Ansprechpartner f\u00fcr die LED-M\u00e4rkte ist <strong>Horst Hermann Tel.  23884<\/strong><\/p>\n\n\n\n<figure class=\"wp-block-image size-large\"><img loading=\"lazy\" decoding=\"async\" width=\"705\" height=\"1024\" src=\"http:\/\/led-deizisau.de\/wp-content\/uploads\/2024\/05\/Horst-Hermann-705x1024.jpg\" alt=\"\" class=\"wp-image-524\" srcset=\"https:\/\/led-deizisau.de\/wp-content\/uploads\/2024\/05\/Horst-Hermann-705x1024.jpg 705w, https:\/\/led-deizisau.de\/wp-content\/uploads\/2024\/05\/Horst-Hermann-207x300.jpg 207w, https:\/\/led-deizisau.de\/wp-content\/uploads\/2024\/05\/Horst-Hermann-768x1115.jpg 768w, https:\/\/led-deizisau.de\/wp-content\/uploads\/2024\/05\/Horst-Hermann-1058x1536.jpg 1058w, https:\/\/led-deizisau.de\/wp-content\/uploads\/2024\/05\/Horst-Hermann.jpg 1153w\" sizes=\"auto, (max-width: 705px) 100vw, 705px\" \/><\/figure>\n","protected":false},"excerpt":{"rendered":"<p>Mehrmals im Jahr veranstaltet die LED besondere M\u00e4rkte. Zum Ostermarkt und dem Herbstmarkt l\u00e4dt die LED auf den Wochenmarkt ein.&nbsp; Auf dem Marktplatz gibt es ein umfangreicheres Angebot. Der Markt l\u00e4dt ein zum Bummeln und Einkaufen.Der Ostermarkt findet traditionell am Samstag, eine Woche vor Ostern statt. Und der Herbstmarkt findet Mitte Oktober statt.Die LED-M\u00e4rkte gehen &hellip; <\/p>\n<p class=\"link-more\"><a href=\"https:\/\/led-deizisau.de\/?page_id=57\" class=\"more-link\"><span class=\"screen-reader-text\">\u201eLED-M\u00e4rkte\u201c <\/span>weiterlesen<\/a><\/p>\n","protected":false},"author":1,"featured_media":0,"parent":2,"menu_order":0,"comment_status":"closed","ping_status":"closed","template":"","meta":{"footnotes":""},"class_list":["post-57","page","type-page","status-publish","hentry"],"_links":{"self":[{"href":"https:\/\/led-deizisau.de\/index.php?rest_route=\/wp\/v2\/pages\/57","targetHints":{"allow":["GET"]}}],"collection":[{"href":"https:\/\/led-deizisau.de\/index.php?rest_route=\/wp\/v2\/pages"}],"about":[{"href":"https:\/\/led-deizisau.de\/index.php?rest_route=\/wp\/v2\/types\/page"}],"author":[{"embeddable":true,"href":"https:\/\/led-deizisau.de\/index.php?rest_route=\/wp\/v2\/users\/1"}],"replies":[{"embeddable":true,"href":"https:\/\/led-deizisau.de\/index.php?rest_route=%2Fwp%2Fv2%2Fcomments&post=57"}],"version-history":[{"count":25,"href":"https:\/\/led-deizisau.de\/index.php?rest_route=\/wp\/v2\/pages\/57\/revisions"}],"predecessor-version":[{"id":732,"href":"https:\/\/led-deizisau.de\/index.php?rest_route=\/wp\/v2\/pages\/57\/revisions\/732"}],"up":[{"embeddable":true,"href":"https:\/\/led-deizisau.de\/index.php?rest_route=\/wp\/v2\/pages\/2"}],"wp:attachment":[{"href":"https:\/\/led-deizisau.de\/index.php?rest_route=%2Fwp%2Fv2%2Fmedia&parent=57"}],"curies":[{"name":"wp","href":"https:\/\/api.w.org\/{rel}","templated":true}]}}