{"id":76,"date":"2020-03-26T10:16:40","date_gmt":"2020-03-26T09:16:40","guid":{"rendered":"http:\/\/led-deizisau.de\/?page_id=76"},"modified":"2024-05-10T15:11:17","modified_gmt":"2024-05-10T14:11:17","slug":"buergerschaftliches-engagement-wer-macht-mit","status":"publish","type":"page","link":"https:\/\/led-deizisau.de\/?page_id=76","title":{"rendered":"B\u00fcrgerschaftliches Engagement &#8211; Ein Gewinn f\u00fcr Deizisau"},"content":{"rendered":"\n<p>Wir k\u00f6nnen auf das Wirken unserer Ehrenamtlichen in der Gemeinde stolz sein. B\u00fcrgerliches Engagement macht Freude und ist sinnstiftend. Denn kaum etwas ist erf\u00fcllender als das Leben anderer leichter und besser zu machen.<br>Das traditionelle Haupt- und Kinderfest steht hier sinnbildlich f\u00fcr den freiwilligen<br>Einsatz unserer B\u00fcrgerinnen und B\u00fcrger. Die ehrenamtlichen T\u00e4tigkeiten in Vereinen, den Kirchengemeinden, der Pflege, der Betreuung und in weiteren Bereichen beleben unser Gemeinwesen in vielf\u00e4ltiger Weise. Wir von der LED stehen f\u00fcr alle engagierten Deizisauerinnen und Deizisauer, daher f\u00f6rdern und unterst\u00fctzen wir diesen Einsatz auf allen<br>Ebenen. Gesellschaftliche Ver\u00e4nderungen erfordern ein \u00dcberdenken der traditionellen Gegebenheiten und neue Konzepte. Wir wollen das Ehrenamt attraktiv halten und weiterentwickeln. Nur gemeinsam k\u00f6nnen wir all die sch\u00f6nen Dinge, f\u00fcr die unser Deizisau steht, weiter am Leben halten.<\/p>\n\n\n\n<figure class=\"wp-block-gallery has-nested-images columns-default is-cropped wp-block-gallery-1 is-layout-flex wp-block-gallery-is-layout-flex\">\n<figure class=\"wp-block-image size-full\"><img loading=\"lazy\" decoding=\"async\" width=\"2560\" height=\"1920\" data-id=\"488\" src=\"http:\/\/led-deizisau.de\/wp-content\/uploads\/2024\/05\/LED-Ostermarkt-Seite4-scaled.jpg\" alt=\"\" class=\"wp-image-488\" srcset=\"https:\/\/led-deizisau.de\/wp-content\/uploads\/2024\/05\/LED-Ostermarkt-Seite4-scaled.jpg 2560w, https:\/\/led-deizisau.de\/wp-content\/uploads\/2024\/05\/LED-Ostermarkt-Seite4-300x225.jpg 300w, https:\/\/led-deizisau.de\/wp-content\/uploads\/2024\/05\/LED-Ostermarkt-Seite4-1024x768.jpg 1024w, https:\/\/led-deizisau.de\/wp-content\/uploads\/2024\/05\/LED-Ostermarkt-Seite4-768x576.jpg 768w, https:\/\/led-deizisau.de\/wp-content\/uploads\/2024\/05\/LED-Ostermarkt-Seite4-1536x1152.jpg 1536w, https:\/\/led-deizisau.de\/wp-content\/uploads\/2024\/05\/LED-Ostermarkt-Seite4-2048x1536.jpg 2048w\" sizes=\"auto, (max-width: 706px) 89vw, (max-width: 767px) 82vw, 740px\" \/><\/figure>\n\n\n\n<figure class=\"wp-block-image size-large\"><img loading=\"lazy\" decoding=\"async\" width=\"1024\" height=\"678\" data-id=\"489\" src=\"http:\/\/led-deizisau.de\/wp-content\/uploads\/2024\/05\/Zehntscheuer-1024x678.jpg\" alt=\"\" class=\"wp-image-489\" srcset=\"https:\/\/led-deizisau.de\/wp-content\/uploads\/2024\/05\/Zehntscheuer-1024x678.jpg 1024w, https:\/\/led-deizisau.de\/wp-content\/uploads\/2024\/05\/Zehntscheuer-300x199.jpg 300w, https:\/\/led-deizisau.de\/wp-content\/uploads\/2024\/05\/Zehntscheuer-768x509.jpg 768w, https:\/\/led-deizisau.de\/wp-content\/uploads\/2024\/05\/Zehntscheuer-1536x1017.jpg 1536w, https:\/\/led-deizisau.de\/wp-content\/uploads\/2024\/05\/Zehntscheuer-2048x1356.jpg 2048w\" sizes=\"auto, (max-width: 706px) 89vw, (max-width: 767px) 82vw, 740px\" \/><\/figure>\n<\/figure>\n\n\n\n<p><strong>Daf\u00fcr setzen wir uns ein<\/strong><\/p>\n\n\n\n<ul class=\"wp-block-list\">\n<li>Gezielte F\u00f6rderung des Ehrenamts und Unterst\u00fctzung bei der Nachwuchsgewinnung<\/li>\n\n\n\n<li>Orientierungshilfen \/ Wegweiser f\u00fcr Neub\u00fcrgerinnen und Neub\u00fcrger<\/li>\n\n\n\n<li>Kurze Wege: Verst\u00e4rkte Nutzung digitaler Medien<\/li>\n<\/ul>\n","protected":false},"excerpt":{"rendered":"<p>Wir k\u00f6nnen auf das Wirken unserer Ehrenamtlichen in der Gemeinde stolz sein. B\u00fcrgerliches Engagement macht Freude und ist sinnstiftend. Denn kaum etwas ist erf\u00fcllender als das Leben anderer leichter und besser zu machen.Das traditionelle Haupt- und Kinderfest steht hier sinnbildlich f\u00fcr den freiwilligenEinsatz unserer B\u00fcrgerinnen und B\u00fcrger. Die ehrenamtlichen T\u00e4tigkeiten in Vereinen, den Kirchengemeinden, der &hellip; <\/p>\n<p class=\"link-more\"><a href=\"https:\/\/led-deizisau.de\/?page_id=76\" class=\"more-link\"><span class=\"screen-reader-text\">\u201eB\u00fcrgerschaftliches Engagement &#8211; Ein Gewinn f\u00fcr Deizisau\u201c <\/span>weiterlesen<\/a><\/p>\n","protected":false},"author":1,"featured_media":0,"parent":70,"menu_order":0,"comment_status":"closed","ping_status":"closed","template":"","meta":{"footnotes":""},"class_list":["post-76","page","type-page","status-publish","hentry"],"_links":{"self":[{"href":"https:\/\/led-deizisau.de\/index.php?rest_route=\/wp\/v2\/pages\/76","targetHints":{"allow":["GET"]}}],"collection":[{"href":"https:\/\/led-deizisau.de\/index.php?rest_route=\/wp\/v2\/pages"}],"about":[{"href":"https:\/\/led-deizisau.de\/index.php?rest_route=\/wp\/v2\/types\/page"}],"author":[{"embeddable":true,"href":"https:\/\/led-deizisau.de\/index.php?rest_route=\/wp\/v2\/users\/1"}],"replies":[{"embeddable":true,"href":"https:\/\/led-deizisau.de\/index.php?rest_route=%2Fwp%2Fv2%2Fcomments&post=76"}],"version-history":[{"count":4,"href":"https:\/\/led-deizisau.de\/index.php?rest_route=\/wp\/v2\/pages\/76\/revisions"}],"predecessor-version":[{"id":490,"href":"https:\/\/led-deizisau.de\/index.php?rest_route=\/wp\/v2\/pages\/76\/revisions\/490"}],"up":[{"embeddable":true,"href":"https:\/\/led-deizisau.de\/index.php?rest_route=\/wp\/v2\/pages\/70"}],"wp:attachment":[{"href":"https:\/\/led-deizisau.de\/index.php?rest_route=%2Fwp%2Fv2%2Fmedia&parent=76"}],"curies":[{"name":"wp","href":"https:\/\/api.w.org\/{rel}","templated":true}]}}