{"id":78,"date":"2020-03-26T10:17:16","date_gmt":"2020-03-26T09:17:16","guid":{"rendered":"http:\/\/led-deizisau.de\/?page_id=78"},"modified":"2024-05-10T15:12:04","modified_gmt":"2024-05-10T14:12:04","slug":"bildung-und-betreuung-muss-gerecht-sein-fuer-alle-kinder","status":"publish","type":"page","link":"https:\/\/led-deizisau.de\/?page_id=78","title":{"rendered":"Bildung und Betreuung &#8211; Gerecht f\u00fcr alle Kinder"},"content":{"rendered":"\n<p>Das kommunale Kinderhaus Himmelblau bereichert zusammen mit den kirchlichen Kinderg\u00e4rten die attraktive Bildungslandschaft f\u00fcr unsere Kleinsten. Die Gemeinschaftsschule mit Grundschule und Mensa pr\u00e4gt unser Ortsbild und erf\u00e4hrt gute Akzeptanz. Eine gro\u00dfe Herausforderung bedeutet der Rechtsanspruch auf Ganztagesbetreuung in der Grundschule ab dem Jahr 2026 mit Beginn der 1. Klassenstufe. Ziel ist eine inhaltliche Konzeption zum Wohl der Kinder und deren Familien. Kindergarten und Schule sind Lern- und Lebensort zugleich. In den h\u00f6heren Klassenstufen bieten Angebote von Jobpatenschaften, Ausbildungsplatzb\u00f6rse und Praktika gute Chancen auf einen Ausbildungs- bzw. Arbeitsplatz in Deizisau. Als weiterer Baustein bietet die Schulsozialarbeit eine S\u00e4ule zur Unterst\u00fctzung der Sozialkompetenz und Bildungsgerechtigkeit \u2013 auch an der Grundschule. Dies war uns ein wichtiges Ziel.<\/p>\n\n\n\n<figure class=\"wp-block-gallery has-nested-images columns-default is-cropped wp-block-gallery-1 is-layout-flex wp-block-gallery-is-layout-flex\">\n<figure class=\"wp-block-image size-large\"><img loading=\"lazy\" decoding=\"async\" width=\"1024\" height=\"678\" data-id=\"483\" src=\"http:\/\/led-deizisau.de\/wp-content\/uploads\/2024\/05\/Himmelblau-1024x678.jpg\" alt=\"\" class=\"wp-image-483\" srcset=\"https:\/\/led-deizisau.de\/wp-content\/uploads\/2024\/05\/Himmelblau-1024x678.jpg 1024w, https:\/\/led-deizisau.de\/wp-content\/uploads\/2024\/05\/Himmelblau-300x199.jpg 300w, https:\/\/led-deizisau.de\/wp-content\/uploads\/2024\/05\/Himmelblau-768x509.jpg 768w, https:\/\/led-deizisau.de\/wp-content\/uploads\/2024\/05\/Himmelblau-1536x1017.jpg 1536w, https:\/\/led-deizisau.de\/wp-content\/uploads\/2024\/05\/Himmelblau-2048x1356.jpg 2048w\" sizes=\"auto, (max-width: 706px) 89vw, (max-width: 767px) 82vw, 740px\" \/><\/figure>\n\n\n\n<figure class=\"wp-block-image size-large\"><img loading=\"lazy\" decoding=\"async\" width=\"1024\" height=\"678\" data-id=\"484\" src=\"http:\/\/led-deizisau.de\/wp-content\/uploads\/2024\/05\/Mensa-und-Schulhof-1024x678.jpg\" alt=\"\" class=\"wp-image-484\" srcset=\"https:\/\/led-deizisau.de\/wp-content\/uploads\/2024\/05\/Mensa-und-Schulhof-1024x678.jpg 1024w, https:\/\/led-deizisau.de\/wp-content\/uploads\/2024\/05\/Mensa-und-Schulhof-300x199.jpg 300w, https:\/\/led-deizisau.de\/wp-content\/uploads\/2024\/05\/Mensa-und-Schulhof-768x509.jpg 768w, https:\/\/led-deizisau.de\/wp-content\/uploads\/2024\/05\/Mensa-und-Schulhof-1536x1017.jpg 1536w, https:\/\/led-deizisau.de\/wp-content\/uploads\/2024\/05\/Mensa-und-Schulhof-2048x1356.jpg 2048w\" sizes=\"auto, (max-width: 706px) 89vw, (max-width: 767px) 82vw, 740px\" \/><\/figure>\n<\/figure>\n\n\n\n<p><strong>Daf\u00fcr setzen wir uns ein<\/strong><\/p>\n\n\n\n<ul class=\"wp-block-list\">\n<li>Einbeziehen der Bed\u00fcrfnisse und W\u00fcnsche der Familien in wegweisende Entscheidungsprozesse<\/li>\n\n\n\n<li>Ert\u00fcchtigung der Schulsporthalle, der Sanit\u00e4ranlagen und des Schulhofs<\/li>\n\n\n\n<li>Attraktive Rahmenbedingungen zur Gewinnung von Fachpersonal<\/li>\n<\/ul>\n","protected":false},"excerpt":{"rendered":"<p>Das kommunale Kinderhaus Himmelblau bereichert zusammen mit den kirchlichen Kinderg\u00e4rten die attraktive Bildungslandschaft f\u00fcr unsere Kleinsten. Die Gemeinschaftsschule mit Grundschule und Mensa pr\u00e4gt unser Ortsbild und erf\u00e4hrt gute Akzeptanz. Eine gro\u00dfe Herausforderung bedeutet der Rechtsanspruch auf Ganztagesbetreuung in der Grundschule ab dem Jahr 2026 mit Beginn der 1. Klassenstufe. Ziel ist eine inhaltliche Konzeption zum &hellip; <\/p>\n<p class=\"link-more\"><a href=\"https:\/\/led-deizisau.de\/?page_id=78\" class=\"more-link\"><span class=\"screen-reader-text\">\u201eBildung und Betreuung &#8211; Gerecht f\u00fcr alle Kinder\u201c <\/span>weiterlesen<\/a><\/p>\n","protected":false},"author":1,"featured_media":0,"parent":70,"menu_order":0,"comment_status":"closed","ping_status":"closed","template":"","meta":{"footnotes":""},"class_list":["post-78","page","type-page","status-publish","hentry"],"_links":{"self":[{"href":"https:\/\/led-deizisau.de\/index.php?rest_route=\/wp\/v2\/pages\/78","targetHints":{"allow":["GET"]}}],"collection":[{"href":"https:\/\/led-deizisau.de\/index.php?rest_route=\/wp\/v2\/pages"}],"about":[{"href":"https:\/\/led-deizisau.de\/index.php?rest_route=\/wp\/v2\/types\/page"}],"author":[{"embeddable":true,"href":"https:\/\/led-deizisau.de\/index.php?rest_route=\/wp\/v2\/users\/1"}],"replies":[{"embeddable":true,"href":"https:\/\/led-deizisau.de\/index.php?rest_route=%2Fwp%2Fv2%2Fcomments&post=78"}],"version-history":[{"count":5,"href":"https:\/\/led-deizisau.de\/index.php?rest_route=\/wp\/v2\/pages\/78\/revisions"}],"predecessor-version":[{"id":491,"href":"https:\/\/led-deizisau.de\/index.php?rest_route=\/wp\/v2\/pages\/78\/revisions\/491"}],"up":[{"embeddable":true,"href":"https:\/\/led-deizisau.de\/index.php?rest_route=\/wp\/v2\/pages\/70"}],"wp:attachment":[{"href":"https:\/\/led-deizisau.de\/index.php?rest_route=%2Fwp%2Fv2%2Fmedia&parent=78"}],"curies":[{"name":"wp","href":"https:\/\/api.w.org\/{rel}","templated":true}]}}