{"id":80,"date":"2020-03-26T10:17:53","date_gmt":"2020-03-26T09:17:53","guid":{"rendered":"http:\/\/led-deizisau.de\/?page_id=80"},"modified":"2024-05-10T15:20:05","modified_gmt":"2024-05-10T14:20:05","slug":"lebensqualitaet-in-deizisau","status":"publish","type":"page","link":"https:\/\/led-deizisau.de\/?page_id=80","title":{"rendered":"Lebensqualit\u00e4t &#8211; Gut leben in Deizisau"},"content":{"rendered":"\n<p>Lebensqualit\u00e4t ist Daseinsf\u00fcrsorge. Diese F\u00fcrsorge erstreckt sich auf zahlreiche Aspekte des Lebens, einschlie\u00dflich haus\u00e4rztlicher Versorgung, Betreuung, Bildung, Sportf\u00f6rderung, Wohnraum, Vereinsleben und Umweltschutz.<br>Schl\u00fcsselthemen sind vorrangig der Klimawandel, der Strukturwandel sowie der demografische Wandel.<br>Eine Gemeinde hat die Verantwortung f\u00fcr alle Generationen und Lebensbereiche zu sorgen. Dies umfasst Projekte und Einrichtungen f\u00fcr die J\u00fcngsten bis zu den \u00c4ltesten in unserer Gemeinde. Es ist uns wichtig, dass sowohl junge Familien als auch Seniorinnen und Senioren die M\u00f6glichkeit haben, Wohnraum in unserer Gemeinde zu finden. Zus\u00e4tzlich unterst\u00fctzen wir die barrierefreie Umgestaltung des Ortszentrums.<br>F\u00fcr eine gute Lebensqualit\u00e4t in Deizisau werden wir uns weiterhin einsetzen. Wichtig ist uns ein attraktives Gemeindeleben, eine hohe Wohnqualit\u00e4t und ein aktives Vereinsleben.<br>Bereits seit 25 Jahren organisieren wir die LED-Oster- und Herbstm\u00e4rkte.<br>Unser Freibad sch\u00e4tzen wir als wertvolle Freizeiteinrichtung in Deizisau. Das famili\u00e4r gef\u00fchrte Pflegeheim ist ein wesentlicher Teil des Zusammenlebens. Jedoch fehlen immer noch Orte f\u00fcr unsere Jugendlichen und jungen Erwachsenen, an denen sie sich aufhalten und zur\u00fcckziehen k\u00f6nnen. Es ist an der Zeit, hier etwas Dauerhaftes zu schaffen.<\/p>\n\n\n\n<figure class=\"wp-block-gallery has-nested-images columns-default is-cropped wp-block-gallery-1 is-layout-flex wp-block-gallery-is-layout-flex\">\n<figure class=\"wp-block-image size-large\"><img loading=\"lazy\" decoding=\"async\" width=\"1024\" height=\"768\" data-id=\"493\" src=\"http:\/\/led-deizisau.de\/wp-content\/uploads\/2024\/05\/Spielplatz-1024x768.jpg\" alt=\"\" class=\"wp-image-493\" srcset=\"https:\/\/led-deizisau.de\/wp-content\/uploads\/2024\/05\/Spielplatz-1024x768.jpg 1024w, https:\/\/led-deizisau.de\/wp-content\/uploads\/2024\/05\/Spielplatz-300x225.jpg 300w, https:\/\/led-deizisau.de\/wp-content\/uploads\/2024\/05\/Spielplatz-768x576.jpg 768w, https:\/\/led-deizisau.de\/wp-content\/uploads\/2024\/05\/Spielplatz-1536x1152.jpg 1536w, https:\/\/led-deizisau.de\/wp-content\/uploads\/2024\/05\/Spielplatz-2048x1536.jpg 2048w\" sizes=\"auto, (max-width: 706px) 89vw, (max-width: 767px) 82vw, 740px\" \/><\/figure>\n\n\n\n<figure class=\"wp-block-image size-large\"><img loading=\"lazy\" decoding=\"async\" width=\"1024\" height=\"576\" data-id=\"494\" src=\"http:\/\/led-deizisau.de\/wp-content\/uploads\/2024\/05\/Freibad_zugeschnitten-1024x576.jpg\" alt=\"\" class=\"wp-image-494\" srcset=\"https:\/\/led-deizisau.de\/wp-content\/uploads\/2024\/05\/Freibad_zugeschnitten-1024x576.jpg 1024w, https:\/\/led-deizisau.de\/wp-content\/uploads\/2024\/05\/Freibad_zugeschnitten-300x169.jpg 300w, https:\/\/led-deizisau.de\/wp-content\/uploads\/2024\/05\/Freibad_zugeschnitten-768x432.jpg 768w, https:\/\/led-deizisau.de\/wp-content\/uploads\/2024\/05\/Freibad_zugeschnitten-1536x864.jpg 1536w, https:\/\/led-deizisau.de\/wp-content\/uploads\/2024\/05\/Freibad_zugeschnitten-2048x1152.jpg 2048w\" sizes=\"auto, (max-width: 706px) 89vw, (max-width: 767px) 82vw, 740px\" \/><\/figure>\n<\/figure>\n\n\n\n<p><strong>Daf\u00fcr setzen wir uns ein<\/strong><\/p>\n\n\n\n<ul class=\"wp-block-list\">\n<li>Erschwinglicher Wohnraum<\/li>\n\n\n\n<li>Medizinische Gesundheitsversorgung vor Ort<\/li>\n\n\n\n<li>Pl\u00e4tze f\u00fcr offene Jugendarbeit<\/li>\n<\/ul>\n","protected":false},"excerpt":{"rendered":"<p>Lebensqualit\u00e4t ist Daseinsf\u00fcrsorge. Diese F\u00fcrsorge erstreckt sich auf zahlreiche Aspekte des Lebens, einschlie\u00dflich haus\u00e4rztlicher Versorgung, Betreuung, Bildung, Sportf\u00f6rderung, Wohnraum, Vereinsleben und Umweltschutz.Schl\u00fcsselthemen sind vorrangig der Klimawandel, der Strukturwandel sowie der demografische Wandel.Eine Gemeinde hat die Verantwortung f\u00fcr alle Generationen und Lebensbereiche zu sorgen. Dies umfasst Projekte und Einrichtungen f\u00fcr die J\u00fcngsten bis zu den \u00c4ltesten &hellip; <\/p>\n<p class=\"link-more\"><a href=\"https:\/\/led-deizisau.de\/?page_id=80\" class=\"more-link\"><span class=\"screen-reader-text\">\u201eLebensqualit\u00e4t &#8211; Gut leben in Deizisau\u201c <\/span>weiterlesen<\/a><\/p>\n","protected":false},"author":1,"featured_media":0,"parent":70,"menu_order":0,"comment_status":"closed","ping_status":"closed","template":"","meta":{"footnotes":""},"class_list":["post-80","page","type-page","status-publish","hentry"],"_links":{"self":[{"href":"https:\/\/led-deizisau.de\/index.php?rest_route=\/wp\/v2\/pages\/80","targetHints":{"allow":["GET"]}}],"collection":[{"href":"https:\/\/led-deizisau.de\/index.php?rest_route=\/wp\/v2\/pages"}],"about":[{"href":"https:\/\/led-deizisau.de\/index.php?rest_route=\/wp\/v2\/types\/page"}],"author":[{"embeddable":true,"href":"https:\/\/led-deizisau.de\/index.php?rest_route=\/wp\/v2\/users\/1"}],"replies":[{"embeddable":true,"href":"https:\/\/led-deizisau.de\/index.php?rest_route=%2Fwp%2Fv2%2Fcomments&post=80"}],"version-history":[{"count":5,"href":"https:\/\/led-deizisau.de\/index.php?rest_route=\/wp\/v2\/pages\/80\/revisions"}],"predecessor-version":[{"id":495,"href":"https:\/\/led-deizisau.de\/index.php?rest_route=\/wp\/v2\/pages\/80\/revisions\/495"}],"up":[{"embeddable":true,"href":"https:\/\/led-deizisau.de\/index.php?rest_route=\/wp\/v2\/pages\/70"}],"wp:attachment":[{"href":"https:\/\/led-deizisau.de\/index.php?rest_route=%2Fwp%2Fv2%2Fmedia&parent=80"}],"curies":[{"name":"wp","href":"https:\/\/api.w.org\/{rel}","templated":true}]}}