{"id":82,"date":"2020-03-26T10:18:43","date_gmt":"2020-03-26T09:18:43","guid":{"rendered":"http:\/\/led-deizisau.de\/?page_id=82"},"modified":"2024-05-10T15:35:28","modified_gmt":"2024-05-10T14:35:28","slug":"laerm-sinnvoll-reduzieren","status":"publish","type":"page","link":"https:\/\/led-deizisau.de\/?page_id=82","title":{"rendered":"L\u00e4rm &#8211; Sinnvoll reduzieren"},"content":{"rendered":"\n<p>Hier in Deizisau sind wir den L\u00e4rmquellen aus Verkehrs-, Flug- und Industriesektor ausgesetzt. Dies macht vielen Menschen gesundheitlich zu schaffen. Wir bemerken oft nur Symptome und verstehen oftmals nicht, dass psychische und physische Krankheiten auf die zu hohe L\u00e4rmbelastung als Ursache zur\u00fcckzuf\u00fchren sind.<br>Durch den Einsatz moderner, spritsparender und leiser Flugzeuge kann viel L\u00e4rm vermieden werden. Start- und Landegeb\u00fchren m\u00fcssen langfristig festgelegt sein, dass die Fluggesellschaften gut planen k\u00f6nnen und Investitionen in leisere Flugzeuge f\u00fcr Fluggesellschaften und B\u00fcrger sich lohnen. Laute Flugzeuge d\u00fcrfen nicht bessergestellt sein als leise Flugzeuge.<br>Neben der Optimierung und Reduzierung des Flugl\u00e4rms setzen wir uns auch kontinuierlich f\u00fcr die Verminderung des allgemeinen Verkehrs- und Industriel\u00e4rms im Ort ein.  <\/p>\n\n\n\n<figure class=\"wp-block-gallery has-nested-images columns-default is-cropped wp-block-gallery-1 is-layout-flex wp-block-gallery-is-layout-flex\">\n<figure class=\"wp-block-image size-large\"><img loading=\"lazy\" decoding=\"async\" width=\"1024\" height=\"768\" data-id=\"502\" src=\"http:\/\/led-deizisau.de\/wp-content\/uploads\/2024\/05\/B10-Seite14-1024x768.jpg\" alt=\"\" class=\"wp-image-502\" srcset=\"https:\/\/led-deizisau.de\/wp-content\/uploads\/2024\/05\/B10-Seite14-1024x768.jpg 1024w, https:\/\/led-deizisau.de\/wp-content\/uploads\/2024\/05\/B10-Seite14-300x225.jpg 300w, https:\/\/led-deizisau.de\/wp-content\/uploads\/2024\/05\/B10-Seite14-768x576.jpg 768w, https:\/\/led-deizisau.de\/wp-content\/uploads\/2024\/05\/B10-Seite14-1536x1152.jpg 1536w, https:\/\/led-deizisau.de\/wp-content\/uploads\/2024\/05\/B10-Seite14-2048x1536.jpg 2048w\" sizes=\"auto, (max-width: 706px) 89vw, (max-width: 767px) 82vw, 740px\" \/><\/figure>\n\n\n\n<figure class=\"wp-block-image size-large\"><img loading=\"lazy\" decoding=\"async\" width=\"1024\" height=\"682\" data-id=\"503\" src=\"http:\/\/led-deizisau.de\/wp-content\/uploads\/2024\/05\/Laerm_Kind_Ohren-1024x682.jpg\" alt=\"\" class=\"wp-image-503\" srcset=\"https:\/\/led-deizisau.de\/wp-content\/uploads\/2024\/05\/Laerm_Kind_Ohren-1024x682.jpg 1024w, https:\/\/led-deizisau.de\/wp-content\/uploads\/2024\/05\/Laerm_Kind_Ohren-300x200.jpg 300w, https:\/\/led-deizisau.de\/wp-content\/uploads\/2024\/05\/Laerm_Kind_Ohren-768x512.jpg 768w, https:\/\/led-deizisau.de\/wp-content\/uploads\/2024\/05\/Laerm_Kind_Ohren.jpg 1280w\" sizes=\"auto, (max-width: 706px) 89vw, (max-width: 767px) 82vw, 740px\" \/><\/figure>\n<\/figure>\n\n\n\n<p><strong>Daf\u00fcr setzen wir uns ein<\/strong><\/p>\n\n\n\n<ul class=\"wp-block-list\">\n<li>L\u00e4rmschutzma\u00dfnahmen und Optimierung der Betriebszeiten<\/li>\n\n\n\n<li>Gerechte Verteilung der Flugbewegung am Stuttgarter Flughafen zwischen Ost und West und der neuen Flugroute<\/li>\n\n\n\n<li>Leisere Ab- und Anflugverfahren der Flugzeuge sowie Anpassung der Start- und Landeentgelte<\/li>\n<\/ul>\n","protected":false},"excerpt":{"rendered":"<p>Hier in Deizisau sind wir den L\u00e4rmquellen aus Verkehrs-, Flug- und Industriesektor ausgesetzt. Dies macht vielen Menschen gesundheitlich zu schaffen. Wir bemerken oft nur Symptome und verstehen oftmals nicht, dass psychische und physische Krankheiten auf die zu hohe L\u00e4rmbelastung als Ursache zur\u00fcckzuf\u00fchren sind.Durch den Einsatz moderner, spritsparender und leiser Flugzeuge kann viel L\u00e4rm vermieden werden. &hellip; <\/p>\n<p class=\"link-more\"><a href=\"https:\/\/led-deizisau.de\/?page_id=82\" class=\"more-link\"><span class=\"screen-reader-text\">\u201eL\u00e4rm &#8211; Sinnvoll reduzieren\u201c <\/span>weiterlesen<\/a><\/p>\n","protected":false},"author":1,"featured_media":0,"parent":70,"menu_order":0,"comment_status":"closed","ping_status":"closed","template":"","meta":{"footnotes":""},"class_list":["post-82","page","type-page","status-publish","hentry"],"_links":{"self":[{"href":"https:\/\/led-deizisau.de\/index.php?rest_route=\/wp\/v2\/pages\/82","targetHints":{"allow":["GET"]}}],"collection":[{"href":"https:\/\/led-deizisau.de\/index.php?rest_route=\/wp\/v2\/pages"}],"about":[{"href":"https:\/\/led-deizisau.de\/index.php?rest_route=\/wp\/v2\/types\/page"}],"author":[{"embeddable":true,"href":"https:\/\/led-deizisau.de\/index.php?rest_route=\/wp\/v2\/users\/1"}],"replies":[{"embeddable":true,"href":"https:\/\/led-deizisau.de\/index.php?rest_route=%2Fwp%2Fv2%2Fcomments&post=82"}],"version-history":[{"count":4,"href":"https:\/\/led-deizisau.de\/index.php?rest_route=\/wp\/v2\/pages\/82\/revisions"}],"predecessor-version":[{"id":504,"href":"https:\/\/led-deizisau.de\/index.php?rest_route=\/wp\/v2\/pages\/82\/revisions\/504"}],"up":[{"embeddable":true,"href":"https:\/\/led-deizisau.de\/index.php?rest_route=\/wp\/v2\/pages\/70"}],"wp:attachment":[{"href":"https:\/\/led-deizisau.de\/index.php?rest_route=%2Fwp%2Fv2%2Fmedia&parent=82"}],"curies":[{"name":"wp","href":"https:\/\/api.w.org\/{rel}","templated":true}]}}