{"id":84,"date":"2020-03-26T10:19:17","date_gmt":"2020-03-26T09:19:17","guid":{"rendered":"http:\/\/led-deizisau.de\/?page_id=84"},"modified":"2024-05-10T15:36:14","modified_gmt":"2024-05-10T14:36:14","slug":"unsere-zukunft-ist-nachhaltig-mobil","status":"publish","type":"page","link":"https:\/\/led-deizisau.de\/?page_id=84","title":{"rendered":"Unsere Zukunft ist nachhaltig &#8211; Dranbleiben"},"content":{"rendered":"\n<p>Laut Europ\u00e4ischer Umweltagentur steigt die Durchschnittstemperatur in Europa mehr als in anderen Kontinenten. Wenn wir zu wenig unternehmen oder uns zu sp\u00e4t den Ver\u00e4nderungen stellen, erwarten uns durch den Klimawandel in den n\u00e4chsten Jahren neue Hitzerekorde, Trockenheit und Starkregenereignisse. Hitze ist ein zunehmendes<br>Gesundheitsrisiko besonders f\u00fcr Kinder, Schwangere, \u00e4ltere Menschen und chronisch kranke Menschen. Die Ma\u00dfnahmen beginnen im Kleinen, mitten in Deizisau. Klimaneutralit\u00e4t und ressourcenschonender Einsatz der Energie sind wesentliche Bausteine.<br>Wir setzen uns daf\u00fcr ein, dass B\u00fcrgerinnen und B\u00fcrger gut informiert sind und wissen, welchen Beitrag jeder Einzelne leisten kann.  Der Umstieg auf erneuerbare Energie<br>muss f\u00fcr unsere B\u00fcrgerinnen und B\u00fcrger bezahlbar, verl\u00e4sslich und nachvollziehbar<br>sein.<br>Im Dialog finden wir gemeinsam Antworten auf die wichtigen Fragen der Energiewende.<\/p>\n\n\n\n<figure class=\"wp-block-gallery has-nested-images columns-default is-cropped wp-block-gallery-1 is-layout-flex wp-block-gallery-is-layout-flex\">\n<figure class=\"wp-block-image size-large\"><img loading=\"lazy\" decoding=\"async\" width=\"1024\" height=\"768\" data-id=\"497\" src=\"http:\/\/led-deizisau.de\/wp-content\/uploads\/2024\/05\/Ladestation-1024x768.jpg\" alt=\"\" class=\"wp-image-497\" srcset=\"https:\/\/led-deizisau.de\/wp-content\/uploads\/2024\/05\/Ladestation-1024x768.jpg 1024w, https:\/\/led-deizisau.de\/wp-content\/uploads\/2024\/05\/Ladestation-300x225.jpg 300w, https:\/\/led-deizisau.de\/wp-content\/uploads\/2024\/05\/Ladestation-768x576.jpg 768w, https:\/\/led-deizisau.de\/wp-content\/uploads\/2024\/05\/Ladestation-1536x1152.jpg 1536w, https:\/\/led-deizisau.de\/wp-content\/uploads\/2024\/05\/Ladestation-2048x1536.jpg 2048w\" sizes=\"auto, (max-width: 706px) 89vw, (max-width: 767px) 82vw, 740px\" \/><figcaption class=\"wp-element-caption\">bty<\/figcaption><\/figure>\n\n\n\n<figure class=\"wp-block-image size-large\"><img loading=\"lazy\" decoding=\"async\" width=\"1024\" height=\"798\" data-id=\"498\" src=\"http:\/\/led-deizisau.de\/wp-content\/uploads\/2024\/05\/Hochwasserklein-1024x798.jpg\" alt=\"\" class=\"wp-image-498\" srcset=\"https:\/\/led-deizisau.de\/wp-content\/uploads\/2024\/05\/Hochwasserklein-1024x798.jpg 1024w, https:\/\/led-deizisau.de\/wp-content\/uploads\/2024\/05\/Hochwasserklein-300x234.jpg 300w, https:\/\/led-deizisau.de\/wp-content\/uploads\/2024\/05\/Hochwasserklein-768x598.jpg 768w, https:\/\/led-deizisau.de\/wp-content\/uploads\/2024\/05\/Hochwasserklein-1536x1197.jpg 1536w, https:\/\/led-deizisau.de\/wp-content\/uploads\/2024\/05\/Hochwasserklein.jpg 2027w\" sizes=\"auto, (max-width: 706px) 89vw, (max-width: 767px) 82vw, 740px\" \/><\/figure>\n<\/figure>\n\n\n\n<p><strong>Daf\u00fcr setzen wir uns ein<\/strong><\/p>\n\n\n\n<ul class=\"wp-block-list\">\n<li>Dranbleiben: Nachhaltigkeit in allen Projekten einfordern<\/li>\n\n\n\n<li>E-Carsharing-Angebote unterst\u00fctzen<\/li>\n\n\n\n<li>Verbesserung der \u00d6PNV-Anbindung abends und am Wochenende<\/li>\n<\/ul>\n","protected":false},"excerpt":{"rendered":"<p>Laut Europ\u00e4ischer Umweltagentur steigt die Durchschnittstemperatur in Europa mehr als in anderen Kontinenten. Wenn wir zu wenig unternehmen oder uns zu sp\u00e4t den Ver\u00e4nderungen stellen, erwarten uns durch den Klimawandel in den n\u00e4chsten Jahren neue Hitzerekorde, Trockenheit und Starkregenereignisse. Hitze ist ein zunehmendesGesundheitsrisiko besonders f\u00fcr Kinder, Schwangere, \u00e4ltere Menschen und chronisch kranke Menschen. Die Ma\u00dfnahmen &hellip; <\/p>\n<p class=\"link-more\"><a href=\"https:\/\/led-deizisau.de\/?page_id=84\" class=\"more-link\"><span class=\"screen-reader-text\">\u201eUnsere Zukunft ist nachhaltig &#8211; Dranbleiben\u201c <\/span>weiterlesen<\/a><\/p>\n","protected":false},"author":1,"featured_media":0,"parent":70,"menu_order":0,"comment_status":"closed","ping_status":"closed","template":"","meta":{"footnotes":""},"class_list":["post-84","page","type-page","status-publish","hentry"],"_links":{"self":[{"href":"https:\/\/led-deizisau.de\/index.php?rest_route=\/wp\/v2\/pages\/84","targetHints":{"allow":["GET"]}}],"collection":[{"href":"https:\/\/led-deizisau.de\/index.php?rest_route=\/wp\/v2\/pages"}],"about":[{"href":"https:\/\/led-deizisau.de\/index.php?rest_route=\/wp\/v2\/types\/page"}],"author":[{"embeddable":true,"href":"https:\/\/led-deizisau.de\/index.php?rest_route=\/wp\/v2\/users\/1"}],"replies":[{"embeddable":true,"href":"https:\/\/led-deizisau.de\/index.php?rest_route=%2Fwp%2Fv2%2Fcomments&post=84"}],"version-history":[{"count":6,"href":"https:\/\/led-deizisau.de\/index.php?rest_route=\/wp\/v2\/pages\/84\/revisions"}],"predecessor-version":[{"id":505,"href":"https:\/\/led-deizisau.de\/index.php?rest_route=\/wp\/v2\/pages\/84\/revisions\/505"}],"up":[{"embeddable":true,"href":"https:\/\/led-deizisau.de\/index.php?rest_route=\/wp\/v2\/pages\/70"}],"wp:attachment":[{"href":"https:\/\/led-deizisau.de\/index.php?rest_route=%2Fwp%2Fv2%2Fmedia&parent=84"}],"curies":[{"name":"wp","href":"https:\/\/api.w.org\/{rel}","templated":true}]}}